{"id":19930,"date":"2023-04-25T00:18:19","date_gmt":"2023-04-24T17:18:19","guid":{"rendered":"https:\/\/minhtrangarden.vn\/co-so\/"},"modified":"2023-06-14T11:46:57","modified_gmt":"2023-06-14T04:46:57","slug":"bases","status":"publish","type":"page","link":"https:\/\/minhtrangarden.vn\/en\/bases\/","title":{"rendered":"Facility"},"content":{"rendered":"\n\t<section class=\"section\" id=\"section_568791662\">\n\t\t<div class=\"section-bg fill\" >\n\t\t\t\t\t\t\t\t\t\n\t\t\t\n\n\t\t<\/div>\n\n\t\t\n\n\t\t<div class=\"section-content relative\">\n\t\t\t\n<div class=\"row\"  id=\"row-1512577982\">\n\n\t<div id=\"col-2107111575\" class=\"col small-12 large-12\"  >\n\t\t\t\t<div class=\"col-inner\"  >\n\t\t\t\n\t\t\t\n<p><span style=\"font-size: 28px;\"><b>Facilities<\/b><\/span><\/p>\n<p>\u3000At Minh Tran Garden, you can immerse yourself in a natural environment surrounded by over 250 plant species and experience the diverse culture of Vietnam&#8217;s northern mountainous ethnic groups, including their elevated houses and the architectural styles of the Hue imperial era that are not commonly found in the south.<br \/>\u3000You will have the opportunity to witness the ways of living in harmony with nature, such as roofs made from banana leaves and rainwater filtration systems used in rural areas. Throughout the facilities, you&#8217;ll find clever adaptations for comfortable living without air conditioning, including traditional building materials and construction techniques. These facilities are not only used as venues for meetings and parties but also highly regarded as extracurricular learning spaces for children. Additionally, we have an athletic facility where children can freely engage in physical activities. We encourage you to visit with your children and enjoy the experience.<\/p>\n<p><span style=\"font-size: 17px;\">\u00a0<\/span><\/p>\n<p class=\"font_4\"><span style=\"font-size: 21px;\"><strong>\u200b\u25bcGarden Map<\/strong><\/span><\/p>\n\t<div id=\"text-517406381\" class=\"text hide-for-small\">\n\t\t\n<div id=\"image-map-pro-3104\"><\/div>\n\t\t\t<\/div>\n\t\n\t<div id=\"text-845876286\" class=\"text show-for-small\">\n\t\t\n<div id=\"image-map-pro-5179\"><\/div>\n\t\t\t<\/div>\n\t\n\t<div id=\"text-4053087524\" class=\"text show-for-small\">\n\t\t\n<div class=\"map-menu\">\n<div class=\"flex-row\">\n<div class=\"number-circle\">1<\/div>\n<h5 class=\"menu-text\">Kh\u00f4ng Gian L\u00e0m Vi\u1ec7c<\/h5>\n<\/p>\n<\/div>\n<div class=\"flex-row\">\n<div class=\"number-circle\">2<\/div>\n<h5 class=\"menu-text\">Nh\u00e0 B\u1eafc B\u1ed9<\/h5>\n<\/p>\n<\/div>\n<div class=\"flex-row\">\n<div class=\"number-circle\">3<\/div>\n<h5 class=\"menu-text\">Nh\u00e0 M\u00e1t<\/h5>\n<\/p>\n<\/div>\n<div class=\"flex-row\">\n<div class=\"number-circle\">4<\/div>\n<h5 class=\"menu-text\">Nh\u00e0 S\u00e0n Dao<\/h5>\n<\/p>\n<\/div>\n<div class=\"flex-row\">\n<div class=\"number-circle\">5<\/div>\n<h5 class=\"menu-text\">Nh\u00e0 S\u00e0n T\u00e2y<\/h5>\n<\/p>\n<\/div>\n<div class=\"flex-row\">\n<div class=\"number-circle\">6<\/div>\n<h5 class=\"menu-text\">V\u01b0\u1eddn Treo<\/h5>\n<\/p>\n<\/div>\n<div class=\"flex-row\">\n<div class=\"number-circle\">7<\/div>\n<h5 class=\"menu-text\">Kh\u00f4ng Gian S\u00e2n V\u01b0\u1eddn<\/h5>\n<\/p>\n<\/div>\n<div class=\"flex-row\">\n<div class=\"number-circle\">8<\/div>\n<h5 class=\"menu-text\">Nh\u00e0 Hu\u1ebf<\/h5>\n<\/p>\n<\/div>\n<div class=\"flex-row\">\n<div class=\"number-circle\">9<\/div>\n<h5 class=\"menu-text\">Nh\u00e0 Nam B\u1ed9<\/h5>\n<\/p>\n<\/div>\n<div class=\"flex-row\">\n<div class=\"number-circle\">10<\/div>\n<h5 class=\"menu-text\">Nh\u00e0 S\u00e0n Minh Tr\u00e2n<\/h5>\n<\/p>\n<\/div>\n<div class=\"flex-row\">\n<div class=\"number-circle\">11<\/div>\n<h5 class=\"menu-text\">Nh\u00e0 Treo<\/h5>\n<\/p>\n<\/div>\n<div class=\"flex-row\">\n<div class=\"number-circle\">12<\/div>\n<h5 class=\"menu-text\">Nh\u00e0 Kh\u00e1ch<\/h5>\n<\/p>\n<\/div>\n<div class=\"flex-row\">\n<div class=\"number-circle\">13<\/div>\n<h5 class=\"menu-text\">H\u1ed9i Tr\u01b0\u1eddng<\/h5>\n<\/p>\n<\/div>\n<div class=\"flex-row\">\n<div class=\"number-circle\">14<\/div>\n<h5 class=\"menu-text\">Ph\u00f2ng Ch\u01a1i V\u0103n H\u00f3a<\/h5>\n<\/p>\n<\/div>\n<div class=\"flex-row\">\n<div class=\"number-circle\">15<\/div>\n<h5 class=\"menu-text\">X\u01b0\u1edfng B\u00e1nh<\/h5>\n<\/p>\n<\/div>\n<\/div>\n\t\t\t<\/div>\n\t\n\t\t<\/div>\n\t\t\t\t\t<\/div>\n\n\t\n<\/div>\n\t\t<\/div>\n\n\t\t\n<style>\n#section_568791662 {\n  padding-top: 30px;\n  padding-bottom: 30px;\n}\n<\/style>\n\t<\/section>\n\t\n\n\t<section class=\"section\" id=\"section_2038415669\">\n\t\t<div class=\"section-bg fill\" >\n\t\t\t\t\t\t\t\t\t\n\t\t\t\n\n\t\t<\/div>\n\n\t\t\n\n\t\t<div class=\"section-content relative\">\n\t\t\t\n<div class=\"row\"  id=\"row-200924334\">\n\n\t<div id=\"col-1076462218\" class=\"col small-12 large-12\"  >\n\t\t\t\t<div class=\"col-inner\"  >\n\t\t\t\n\t\t\t\n<p style=\"margin-bottom: 5px;\"><strong><span style=\"font-size: 21px;\">\u200b\u25bc3D Introduction Video<\/span><\/strong><\/p>\n<p><iframe title=\"VUGMVN - Minh Tran Garden - A Place To Visit - 3D\" src=\"https:\/\/www.youtube.com\/embed\/PcEGY_OjbrA\" width=\"100%\" height=\"641\" frameborder=\"0\" allowfullscreen=\"allowfullscreen\" data-mce-fragment=\"1\"><\/iframe><\/p>\n\t\t<\/div>\n\t\t\t\t\t<\/div>\n\n\t\n<\/div>\n\t\t<\/div>\n\n\t\t\n<style>\n#section_2038415669 {\n  padding-top: 30px;\n  padding-bottom: 30px;\n}\n<\/style>\n\t<\/section>\n\t\n\n\t<section class=\"section\" id=\"section_890957781\">\n\t\t<div class=\"section-bg fill\" >\n\t\t\t\t\t\t\t\t\t\n\t\t\t\n\n\t\t<\/div>\n\n\t\t\n\n\t\t<div class=\"section-content relative\">\n\t\t\t\n<div class=\"row\"  id=\"row-490753243\">\n\n\t<div id=\"col-1808447150\" class=\"col small-12 large-12\"  >\n\t\t\t\t<div class=\"col-inner\"  >\n\t\t\t\n\t\t\t\n<p><span style=\"font-size: 21px;\">\u200b\u25bc<strong>Flowers in the garden<\/strong><\/span><\/p>\n\t<div class=\"img has-hover x md-x lg-x y md-y lg-y\" id=\"image_1101100317\">\n\t\t\t\t\t\t\t\t<div class=\"img-inner dark\" >\n\t\t\t<img fetchpriority=\"high\" decoding=\"async\" width=\"842\" height=\"681\" src=\"https:\/\/minhtrangarden.vn\/wp-content\/uploads\/2022\/10\/flower.png\" class=\"attachment-original size-original\" alt=\"\" srcset=\"https:\/\/minhtrangarden.vn\/wp-content\/uploads\/2022\/10\/flower.png 842w, https:\/\/minhtrangarden.vn\/wp-content\/uploads\/2022\/10\/flower-247x200.png 247w, https:\/\/minhtrangarden.vn\/wp-content\/uploads\/2022\/10\/flower-510x412.png 510w, https:\/\/minhtrangarden.vn\/wp-content\/uploads\/2022\/10\/flower-300x243.png 300w, https:\/\/minhtrangarden.vn\/wp-content\/uploads\/2022\/10\/flower-768x621.png 768w\" sizes=\"(max-width: 842px) 100vw, 842px\" \/>\t\t\t\t\t\t\n\t\t\t\t\t<\/div>\n\t\t\t\t\t\t\t\t\n<style>\n#image_1101100317 {\n  width: 100%;\n}\n<\/style>\n\t<\/div>\n\t\n\t\t<\/div>\n\t\t\t\t\t<\/div>\n\n\t\n<\/div>\n\t\t<\/div>\n\n\t\t\n<style>\n#section_890957781 {\n  padding-top: 30px;\n  padding-bottom: 30px;\n}\n<\/style>\n\t<\/section>\n\t\n","protected":false},"excerpt":{"rendered":"","protected":false},"author":26,"featured_media":0,"parent":0,"menu_order":0,"comment_status":"closed","ping_status":"closed","template":"","meta":{"footnotes":""},"class_list":["post-19930","page","type-page","status-publish","hentry"],"yoast_head":"<!-- This site is optimized with the Yoast SEO plugin v27.6 - https:\/\/yoast.com\/product\/yoast-seo-wordpress\/ -->\n<title>Facility - Minh Tran Garden - Minh Tran Co,.Ltd.<\/title>\n<meta name=\"robots\" content=\"index, follow, max-snippet:-1, max-image-preview:large, max-video-preview:-1\" \/>\n<link rel=\"canonical\" href=\"https:\/\/minhtrangarden.vn\/en\/bases\/\" \/>\n<meta property=\"og:locale\" content=\"en_US\" \/>\n<meta property=\"og:type\" content=\"article\" \/>\n<meta property=\"og:title\" content=\"Facility - Minh Tran Garden - Minh Tran Co,.Ltd.\" \/>\n<meta property=\"og:url\" content=\"https:\/\/minhtrangarden.vn\/en\/bases\/\" \/>\n<meta property=\"og:site_name\" content=\"Minh Tran Garden - Minh Tran Co,.Ltd.\" \/>\n<meta property=\"article:publisher\" content=\"https:\/\/www.facebook.com\/vuonminhtran\" \/>\n<meta property=\"article:modified_time\" content=\"2023-06-14T04:46:57+00:00\" \/>\n<meta name=\"twitter:card\" content=\"summary_large_image\" \/>\n<meta name=\"twitter:label1\" content=\"Est. reading time\" \/>\n\t<meta name=\"twitter:data1\" content=\"1 minute\" \/>\n<script type=\"application\/ld+json\" class=\"yoast-schema-graph\">{\"@context\":\"https:\\\/\\\/schema.org\",\"@graph\":[{\"@type\":\"WebPage\",\"@id\":\"https:\\\/\\\/minhtrangarden.vn\\\/en\\\/bases\\\/\",\"url\":\"https:\\\/\\\/minhtrangarden.vn\\\/en\\\/bases\\\/\",\"name\":\"Facility - Minh Tran Garden - Minh Tran Co,.Ltd.\",\"isPartOf\":{\"@id\":\"https:\\\/\\\/minhtrangarden.vn\\\/en\\\/#website\"},\"datePublished\":\"2023-04-24T17:18:19+00:00\",\"dateModified\":\"2023-06-14T04:46:57+00:00\",\"breadcrumb\":{\"@id\":\"https:\\\/\\\/minhtrangarden.vn\\\/en\\\/bases\\\/#breadcrumb\"},\"inLanguage\":\"en-US\",\"potentialAction\":[{\"@type\":\"ReadAction\",\"target\":[\"https:\\\/\\\/minhtrangarden.vn\\\/en\\\/bases\\\/\"]}]},{\"@type\":\"BreadcrumbList\",\"@id\":\"https:\\\/\\\/minhtrangarden.vn\\\/en\\\/bases\\\/#breadcrumb\",\"itemListElement\":[{\"@type\":\"ListItem\",\"position\":1,\"name\":\"Trang ch\u1ee7\",\"item\":\"https:\\\/\\\/minhtrangarden.vn\\\/en\\\/home\\\/\"},{\"@type\":\"ListItem\",\"position\":2,\"name\":\"Facility\"}]},{\"@type\":\"WebSite\",\"@id\":\"https:\\\/\\\/minhtrangarden.vn\\\/en\\\/#website\",\"url\":\"https:\\\/\\\/minhtrangarden.vn\\\/en\\\/\",\"name\":\"Minh Tran Garden\",\"description\":\"\",\"potentialAction\":[{\"@type\":\"SearchAction\",\"target\":{\"@type\":\"EntryPoint\",\"urlTemplate\":\"https:\\\/\\\/minhtrangarden.vn\\\/en\\\/?s={search_term_string}\"},\"query-input\":{\"@type\":\"PropertyValueSpecification\",\"valueRequired\":true,\"valueName\":\"search_term_string\"}}],\"inLanguage\":\"en-US\"}]}<\/script>\n<!-- \/ Yoast SEO plugin. -->","yoast_head_json":{"title":"Facility - Minh Tran Garden - Minh Tran Co,.Ltd.","robots":{"index":"index","follow":"follow","max-snippet":"max-snippet:-1","max-image-preview":"max-image-preview:large","max-video-preview":"max-video-preview:-1"},"canonical":"https:\/\/minhtrangarden.vn\/en\/bases\/","og_locale":"en_US","og_type":"article","og_title":"Facility - Minh Tran Garden - Minh Tran Co,.Ltd.","og_url":"https:\/\/minhtrangarden.vn\/en\/bases\/","og_site_name":"Minh Tran Garden - Minh Tran Co,.Ltd.","article_publisher":"https:\/\/www.facebook.com\/vuonminhtran","article_modified_time":"2023-06-14T04:46:57+00:00","twitter_card":"summary_large_image","twitter_misc":{"Est. reading time":"1 minute"},"schema":{"@context":"https:\/\/schema.org","@graph":[{"@type":"WebPage","@id":"https:\/\/minhtrangarden.vn\/en\/bases\/","url":"https:\/\/minhtrangarden.vn\/en\/bases\/","name":"Facility - Minh Tran Garden - Minh Tran Co,.Ltd.","isPartOf":{"@id":"https:\/\/minhtrangarden.vn\/en\/#website"},"datePublished":"2023-04-24T17:18:19+00:00","dateModified":"2023-06-14T04:46:57+00:00","breadcrumb":{"@id":"https:\/\/minhtrangarden.vn\/en\/bases\/#breadcrumb"},"inLanguage":"en-US","potentialAction":[{"@type":"ReadAction","target":["https:\/\/minhtrangarden.vn\/en\/bases\/"]}]},{"@type":"BreadcrumbList","@id":"https:\/\/minhtrangarden.vn\/en\/bases\/#breadcrumb","itemListElement":[{"@type":"ListItem","position":1,"name":"Trang ch\u1ee7","item":"https:\/\/minhtrangarden.vn\/en\/home\/"},{"@type":"ListItem","position":2,"name":"Facility"}]},{"@type":"WebSite","@id":"https:\/\/minhtrangarden.vn\/en\/#website","url":"https:\/\/minhtrangarden.vn\/en\/","name":"Minh Tran Garden","description":"","potentialAction":[{"@type":"SearchAction","target":{"@type":"EntryPoint","urlTemplate":"https:\/\/minhtrangarden.vn\/en\/?s={search_term_string}"},"query-input":{"@type":"PropertyValueSpecification","valueRequired":true,"valueName":"search_term_string"}}],"inLanguage":"en-US"}]}},"_links":{"self":[{"href":"https:\/\/minhtrangarden.vn\/en\/wp-json\/wp\/v2\/pages\/19930","targetHints":{"allow":["GET"]}}],"collection":[{"href":"https:\/\/minhtrangarden.vn\/en\/wp-json\/wp\/v2\/pages"}],"about":[{"href":"https:\/\/minhtrangarden.vn\/en\/wp-json\/wp\/v2\/types\/page"}],"author":[{"embeddable":true,"href":"https:\/\/minhtrangarden.vn\/en\/wp-json\/wp\/v2\/users\/26"}],"replies":[{"embeddable":true,"href":"https:\/\/minhtrangarden.vn\/en\/wp-json\/wp\/v2\/comments?post=19930"}],"version-history":[{"count":0,"href":"https:\/\/minhtrangarden.vn\/en\/wp-json\/wp\/v2\/pages\/19930\/revisions"}],"wp:attachment":[{"href":"https:\/\/minhtrangarden.vn\/en\/wp-json\/wp\/v2\/media?parent=19930"}],"curies":[{"name":"wp","href":"https:\/\/api.w.org\/{rel}","templated":true}]}}